{"id":2576,"date":"2025-11-27T14:54:01","date_gmt":"2025-11-27T13:54:01","guid":{"rendered":"https:\/\/www.rebelle.vision\/vivi-la-valpelline\/"},"modified":"2026-03-13T08:21:35","modified_gmt":"2026-03-13T07:21:35","slug":"vivi-la-valpelline","status":"publish","type":"page","link":"https:\/\/www.rebelle.vision\/fr\/vivi-la-valpelline\/","title":{"rendered":"Vivi la Valpelline"},"content":{"rendered":"<p>[et_pb_section fb_built=&#8221;1&#8243; _builder_version=&#8221;4.27.4&#8243; _module_preset=&#8221;default&#8221; background_color=&#8221;#3d773f&#8221; use_background_color_gradient=&#8221;on&#8221; background_color_gradient_direction=&#8221;90deg&#8221; background_color_gradient_stops=&#8221;rgba(34,34,34,0.5) 33%|rgba(41,196,169,0) 100%&#8221; background_color_gradient_overlays_image=&#8221;on&#8221; background_image=&#8221;https:\/\/www.rebelle.vision\/wp-content\/uploads\/2025\/12\/rebelle-inverno-1.jpg&#8221; parallax=&#8221;on&#8221; parallax_method=&#8221;off&#8221; min_height=&#8221;100vh&#8221; custom_padding=&#8221;0px||0px||true|&#8221; background_last_edited=&#8221;on|tablet&#8221; parallax_tablet=&#8221;off&#8221; background_position_tablet=&#8221;center&#8221; global_colors_info=&#8221;{}&#8221;][et_pb_row use_custom_gutter=&#8221;on&#8221; gutter_width=&#8221;1&#8243; make_equal=&#8221;on&#8221; _builder_version=&#8221;4.27.4&#8243; _module_preset=&#8221;default&#8221; width=&#8221;100%&#8221; max_width=&#8221;2560px&#8221; min_height=&#8221;100vh&#8221; custom_padding=&#8221;0px||0px||true|&#8221; global_colors_info=&#8221;{}&#8221;][et_pb_column type=&#8221;4_4&#8243; _builder_version=&#8221;4.27.4&#8243; _module_preset=&#8221;default&#8221; z_index=&#8221;999&#8243; custom_padding=&#8221;300px|0px|0px|100px|false|false&#8221; custom_padding_tablet=&#8221;150px|35px||35px|false|true&#8221; custom_padding_phone=&#8221;150px|35px||35px|false|true&#8221; custom_padding_last_edited=&#8221;on|tablet&#8221; global_colors_info=&#8221;{}&#8221;][et_pb_divider color=&#8221;#D6065F&#8221; divider_weight=&#8221;20px&#8221; _builder_version=&#8221;4.27.4&#8243; _module_preset=&#8221;default&#8221; max_width=&#8221;20px&#8221; custom_margin=&#8221;||25px|100px|false|false&#8221; custom_margin_tablet=&#8221;|||0px|false|false&#8221; custom_margin_phone=&#8221;|||0px|false|false&#8221; custom_margin_last_edited=&#8221;on|tablet&#8221; global_colors_info=&#8221;{}&#8221;][\/et_pb_divider][et_pb_text _builder_version=&#8221;4.27.4&#8243; _module_preset=&#8221;default&#8221; header_text_color=&#8221;#FFFFFF&#8221; transform_translate_linked=&#8221;off&#8221; z_index=&#8221;1&#8243; custom_margin=&#8221;||||false|false&#8221; global_colors_info=&#8221;{}&#8221;]<\/p>\n<h1 style=\"text-align: left;\">La Valpelline<\/h1>\n<p>[\/et_pb_text][et_pb_text _builder_version=&#8221;4.27.4&#8243; _module_preset=&#8221;default&#8221; header_text_color=&#8221;#FFFFFF&#8221; header_3_text_color=&#8221;#FFFFFF&#8221; transform_translate_linked=&#8221;off&#8221; z_index=&#8221;1&#8243; custom_margin=&#8221;||10px|100px|false|false&#8221; custom_margin_tablet=&#8221;|||0px|false|false&#8221; custom_margin_phone=&#8221;|||0px|false|false&#8221; custom_margin_last_edited=&#8221;on|tablet&#8221; global_colors_info=&#8221;{}&#8221;]<\/p>\n<h3 style=\"text-align: left;\">Montagne, plein air, exp\u00e9riences, traditions<\/h3>\n<p>[\/et_pb_text][et_pb_divider show_divider=&#8221;off&#8221; _builder_version=&#8221;4.27.4&#8243; _module_preset=&#8221;default&#8221; global_colors_info=&#8221;{}&#8221;][\/et_pb_divider][\/et_pb_column][\/et_pb_row][\/et_pb_section][et_pb_section fb_built=&#8221;1&#8243; custom_padding_last_edited=&#8221;on|tablet&#8221; _builder_version=&#8221;4.27.4&#8243; _module_preset=&#8221;default&#8221; custom_padding=&#8221;120px||120px||true|&#8221; custom_padding_tablet=&#8221;60px||60px||true|false&#8221; custom_padding_phone=&#8221;60px||60px||true|false&#8221; global_colors_info=&#8221;{}&#8221;][et_pb_row column_structure=&#8221;2_5,3_5&#8243; use_custom_gutter=&#8221;on&#8221; _builder_version=&#8221;4.27.4&#8243; _module_preset=&#8221;default&#8221; custom_margin=&#8221;||15px||false|false&#8221; custom_padding=&#8221;0px||0px||true|&#8221; global_colors_info=&#8221;{}&#8221;][et_pb_column type=&#8221;2_5&#8243; _builder_version=&#8221;4.27.4&#8243; _module_preset=&#8221;default&#8221; background_image=&#8221;https:\/\/www.rebelle.vision\/wp-content\/uploads\/2025\/11\/montagna-didattica.jpg&#8221; transform_scale_tablet=&#8221;&#8221; transform_scale_phone=&#8221;&#8221; transform_scale_last_edited=&#8221;on|desktop&#8221; transform_translate_tablet=&#8221;&#8221; transform_translate_phone=&#8221;&#8221; transform_translate_last_edited=&#8221;on|desktop&#8221; transform_rotate=&#8221;0deg|0deg|356deg&#8221; transform_rotate_tablet=&#8221;0deg|0deg|0deg&#8221; transform_rotate_phone=&#8221;0deg|0deg|0deg&#8221; transform_rotate_last_edited=&#8221;on|tablet&#8221; transform_skew_tablet=&#8221;&#8221; transform_skew_phone=&#8221;&#8221; transform_skew_last_edited=&#8221;on|desktop&#8221; transform_origin_tablet=&#8221;&#8221; transform_origin_phone=&#8221;&#8221; transform_origin_last_edited=&#8221;on|desktop&#8221; transform_styles_last_edited=&#8221;on|tablet&#8221; custom_padding=&#8221;300px||300px||true|false&#8221; custom_padding_tablet=&#8221;180px||180px||true|false&#8221; custom_padding_phone=&#8221;180px||180px||true|false&#8221; custom_padding_last_edited=&#8221;on|phone&#8221; scroll_horizontal_motion_enable=&#8221;on&#8221; scroll_horizontal_motion=&#8221;0|50|50|100|-1|0|0&#8243; transform_styles_tablet=&#8221;&#8221; transform_styles_phone=&#8221;&#8221; scroll_horizontal_motion_tablet=&#8221;0|50|50|100|0|0|0&#8243; scroll_horizontal_motion_phone=&#8221;0|50|50|100|0|0|0&#8243; scroll_horizontal_motion_last_edited=&#8221;on|tablet&#8221; box_shadow_style=&#8221;preset1&#8243; box_shadow_horizontal=&#8221;-10px&#8221; box_shadow_vertical=&#8221;10px&#8221; global_colors_info=&#8221;{}&#8221;][et_pb_divider show_divider=&#8221;off&#8221; _builder_version=&#8221;4.27.4&#8243; _module_preset=&#8221;default&#8221; global_colors_info=&#8221;{}&#8221;][\/et_pb_divider][\/et_pb_column][et_pb_column type=&#8221;3_5&#8243; _builder_version=&#8221;4.27.4&#8243; _module_preset=&#8221;default&#8221; custom_padding=&#8221;120px||0px||false|false&#8221; custom_padding_tablet=&#8221;30px||0px||false|false&#8221; custom_padding_phone=&#8221;30px||0px||false|false&#8221; custom_padding_last_edited=&#8221;on|phone&#8221; global_colors_info=&#8221;{}&#8221;][et_pb_image src=&#8221;https:\/\/www.rebelle.vision\/wp-content\/uploads\/2025\/11\/logo-rebelle.png&#8221; alt=&#8221;Alpe Rebelle&#8221; title_text=&#8221;Logo Rebelle&#8221; _builder_version=&#8221;4.27.4&#8243; _module_preset=&#8221;default&#8221; max_width=&#8221;120px&#8221; global_colors_info=&#8221;{}&#8221;][\/et_pb_image][et_pb_text _builder_version=&#8221;4.27.4&#8243; _module_preset=&#8221;default&#8221; custom_margin=&#8221;||3px||false|false&#8221; global_colors_info=&#8221;{}&#8221;]<\/p>\n<h3>Au c\u0153ur de la Valpelline<\/h3>\n<p>[\/et_pb_text][et_pb_divider color=&#8221;#e0e0e0&#8243; _builder_version=&#8221;4.27.4&#8243; _module_preset=&#8221;default&#8221; custom_margin=&#8221;||0px||false|false&#8221; global_colors_info=&#8221;{}&#8221;][\/et_pb_divider][et_pb_text _builder_version=&#8221;4.27.4&#8243; _module_preset=&#8221;default&#8221; max_width=&#8221;600px&#8221; module_alignment=&#8221;center&#8221; custom_margin=&#8221;||15px||false|false&#8221; global_colors_info=&#8221;{}&#8221;]<\/p>\n<h2>La Valpelline<\/h2>\n<p>[\/et_pb_text][et_pb_text _builder_version=&#8221;4.27.4&#8243; _module_preset=&#8221;default&#8221; max_width=&#8221;400px&#8221; module_alignment=&#8221;center&#8221; custom_margin=&#8221;||||false|false&#8221; global_colors_info=&#8221;{}&#8221;]Vivez la Valpelline, o\u00f9 le temps ralentit et la nature reprend sa place au centre du monde.<br \/>Dans cette vall\u00e9e authentique et silencieuse, loin du tourisme de masse, chaque \u00e9tape devient d\u00e9couverte : les verts p\u00e2turages ench\u00e2ss\u00e9s au milieu des montagnes majestueuses, les bourgs qui conservent encore leur \u00e2me alpine, les sentiers qui parfument l\u2019histoire et la libert\u00e9.<\/p>\n<p>\u203a <a href=\"IT%20Naturavalp,%20Bionaz%20la%20Valpelline%20\" target=\"_blank\" rel=\"noopener\">Naturavalp, Bionaz<\/a>[\/et_pb_text][et_pb_toggle title=&#8221;En savoir plus&#8221; icon_color=&#8221;#8e9744&#8243; _builder_version=&#8221;4.27.4&#8243; _module_preset=&#8221;default&#8221; background_color=&#8221;#FFFFFF&#8221; max_width=&#8221;400px&#8221; module_alignment=&#8221;center&#8221; custom_padding=&#8221;12px||12px||true|false&#8221; hover_enabled=&#8221;0&#8243; global_colors_info=&#8221;{}&#8221; locked=&#8221;off&#8221; sticky_enabled=&#8221;0&#8243;]<\/p>\n<p>Entour\u00e9e de hautes montagnes et de nombreux glaciers, la Valpelline compte quelques-uns des plus c\u00e9l\u00e8bres 4000 des Alpes dont la Dent d\u2019Herens, la T\u00eate de Valpelline et le Gran Combin.<\/p>\n<p><\/p>\n<p>Un microcosme \u00e0 d\u00e9couvrir et \u00e0 explorer\u00a0: \u00e0 pied en \u00e9t\u00e9 gr\u00e2ce \u00e0 de belles promenades et des parcours de randonn\u00e9e passionnants, en hiver avec les skis ou les raquettes le long d\u2019itin\u00e9raires qui serpentent dans des environnements majestueux et riches en neige. <\/p>\n<p><\/p>\n<p>Si vous cherchez la tranquillit\u00e9, la paix et la d\u00e9tente, mais que vous \u00eates aussi passionn\u00e9 de randonn\u00e9e, d\u2019alpinisme, de ski de montagne et de raquettes \u00e0 neige, la Valpelline sera sans aucun doute une d\u00e9couverte fantastique.<\/p>\n<p>[\/et_pb_toggle][\/et_pb_column][\/et_pb_row][\/et_pb_section][et_pb_section fb_built=&#8221;1&#8243; custom_padding_last_edited=&#8221;on|tablet&#8221; _builder_version=&#8221;4.27.4&#8243; _module_preset=&#8221;default&#8221; custom_padding=&#8221;0px||120px|||&#8221; custom_padding_tablet=&#8221;||60px||false|false&#8221; custom_padding_phone=&#8221;||60px||false|false&#8221; global_colors_info=&#8221;{}&#8221;][et_pb_row _builder_version=&#8221;4.27.4&#8243; _module_preset=&#8221;default&#8221; custom_padding=&#8221;0px|||||&#8221; global_colors_info=&#8221;{}&#8221;][et_pb_column type=&#8221;4_4&#8243; _builder_version=&#8221;4.27.4&#8243; _module_preset=&#8221;default&#8221; global_colors_info=&#8221;{}&#8221;][et_pb_text _builder_version=&#8221;4.27.4&#8243; _module_preset=&#8221;default&#8221; custom_margin=&#8221;||3px||false|false&#8221; global_colors_info=&#8221;{}&#8221;]<\/p>\n<h3 style=\"text-align: center;\">Bienvenue dans la Valpelline<\/h3>\n<p>[\/et_pb_text][et_pb_divider color=&#8221;#e0e0e0&#8243; _builder_version=&#8221;4.27.4&#8243; _module_preset=&#8221;default&#8221; custom_margin=&#8221;||0px||false|false&#8221; global_colors_info=&#8221;{}&#8221;][\/et_pb_divider][et_pb_text _builder_version=&#8221;4.27.4&#8243; _module_preset=&#8221;default&#8221; module_alignment=&#8221;center&#8221; custom_margin=&#8221;||15px||false|false&#8221; global_colors_info=&#8221;{}&#8221;]<\/p>\n<h2 style=\"text-align: center;\">Attractions de la Valpelline<\/h2>\n<p>[\/et_pb_text][\/et_pb_column][\/et_pb_row][et_pb_row column_structure=&#8221;1_3,1_3,1_3&#8243; use_custom_gutter=&#8221;on&#8221; gutter_width=&#8221;2&#8243; make_equal=&#8221;on&#8221; _builder_version=&#8221;4.27.4&#8243; _module_preset=&#8221;default&#8221; custom_margin=&#8221;|auto|50px|auto|false|false&#8221; custom_padding=&#8221;0px||0px||true|&#8221; global_colors_info=&#8221;{}&#8221;][et_pb_column type=&#8221;1_3&#8243; _builder_version=&#8221;4.27.4&#8243; _module_preset=&#8221;default&#8221; global_colors_info=&#8221;{}&#8221;][et_pb_blurb title=&#8221;Bassin de Champillon&#8221; image=&#8221;https:\/\/www.rebelle.vision\/wp-content\/uploads\/2025\/12\/conca-champillon.jpg&#8221; _builder_version=&#8221;4.27.4&#8243; _module_preset=&#8221;default&#8221; custom_margin=&#8221;||35px|||&#8221; global_colors_info=&#8221;{}&#8221;]<\/p>\n<p>En montant depuis le chef-lieu de la commune de Doues, en traversant les alpages et les p\u00e2turages les plus \u00e9tendus de la Vall\u00e9e d\u2019Aoste, on arrive \u00e0 la vall\u00e9e de Champillon.<\/p>\n<p>[\/et_pb_blurb][et_pb_button button_url=&#8221;https:\/\/www.lavalpelline.it\/luogo\/conca-di-champillon\/&#8221; url_new_window=&#8221;on&#8221; button_text=&#8221;En savoir plus&#8221; _builder_version=&#8221;4.27.4&#8243; _module_preset=&#8221;default&#8221; custom_margin=&#8221;||0px||false|false&#8221; custom_margin_tablet=&#8221;||0px||false|false&#8221; custom_margin_phone=&#8221;||35px||false|false&#8221; custom_margin_last_edited=&#8221;on|phone&#8221; global_colors_info=&#8221;{}&#8221;][\/et_pb_button][\/et_pb_column][et_pb_column type=&#8221;1_3&#8243; _builder_version=&#8221;4.27.4&#8243; _module_preset=&#8221;default&#8221; global_colors_info=&#8221;{}&#8221;][et_pb_blurb title=&#8221;Digue de Place Moulin&#8221; image=&#8221;https:\/\/www.rebelle.vision\/wp-content\/uploads\/2025\/12\/diga-place-moulin.jpg&#8221; _builder_version=&#8221;4.27.4&#8243; _module_preset=&#8221;default&#8221; custom_margin=&#8221;||35px|||&#8221; global_colors_info=&#8221;{}&#8221;]<\/p>\n<p>Avec ses 105 millions de m\u00e8tres cubes, le barrage de la place Moulin est l\u2019un des plus grands barrages d\u2019Europe. Construit dans les ann\u00e9es 1960 entre &#8230; <\/p>\n<p>[\/et_pb_blurb][et_pb_button button_url=&#8221;https:\/\/www.lavalpelline.it\/luogo\/diga-di-place-moulin\/&#8221; url_new_window=&#8221;on&#8221; button_text=&#8221;En savoir plus&#8221; _builder_version=&#8221;4.27.4&#8243; _module_preset=&#8221;default&#8221; custom_margin=&#8221;||0px||false|false&#8221; custom_margin_tablet=&#8221;||0px||false|false&#8221; custom_margin_phone=&#8221;||35px||false|false&#8221; custom_margin_last_edited=&#8221;on|phone&#8221; global_colors_info=&#8221;{}&#8221;][\/et_pb_button][\/et_pb_column][et_pb_column type=&#8221;1_3&#8243; _builder_version=&#8221;4.27.4&#8243; _module_preset=&#8221;default&#8221; global_colors_info=&#8221;{}&#8221;][et_pb_blurb title=&#8221;Bassin de By&#8221; image=&#8221;https:\/\/www.rebelle.vision\/wp-content\/uploads\/2025\/12\/conca-di-by.jpg&#8221; _builder_version=&#8221;4.27.4&#8243; _module_preset=&#8221;default&#8221; custom_margin=&#8221;||35px|||&#8221; global_colors_info=&#8221;{}&#8221;]<\/p>\n<p>Au pied du Grand Combin, \u00e0 2 000 m d\u2019altitude, la plaine de By est un plateau de p\u00e2turages verdoyants entour\u00e9 d\u2019un amphith\u00e9\u00e2tre de montagnes.<\/p>\n<p>[\/et_pb_blurb][et_pb_button button_url=&#8221;https:\/\/www.lavalpelline.it\/luogo\/conca-di-by\/&#8221; url_new_window=&#8221;on&#8221; button_text=&#8221;En savoir plus&#8221; _builder_version=&#8221;4.27.4&#8243; _module_preset=&#8221;default&#8221; custom_margin=&#8221;||0px||false|false&#8221; custom_margin_tablet=&#8221;||0px||false|false&#8221; custom_margin_phone=&#8221;||35px||false|false&#8221; custom_margin_last_edited=&#8221;on|phone&#8221; global_colors_info=&#8221;{}&#8221;][\/et_pb_button][\/et_pb_column][\/et_pb_row][et_pb_row column_structure=&#8221;1_3,1_3,1_3&#8243; use_custom_gutter=&#8221;on&#8221; gutter_width=&#8221;2&#8243; make_equal=&#8221;on&#8221; _builder_version=&#8221;4.27.4&#8243; _module_preset=&#8221;default&#8221; custom_padding=&#8221;0px||0px||true|&#8221; global_colors_info=&#8221;{}&#8221;][et_pb_column type=&#8221;1_3&#8243; _builder_version=&#8221;4.27.4&#8243; _module_preset=&#8221;default&#8221; global_colors_info=&#8221;{}&#8221;][et_pb_blurb title=&#8221;Pont de la Betenda&#8221; image=&#8221;https:\/\/www.rebelle.vision\/wp-content\/uploads\/2025\/12\/betenda-valpelline.jpg&#8221; _builder_version=&#8221;4.27.4&#8243; _module_preset=&#8221;default&#8221; custom_margin=&#8221;||35px|||&#8221; global_colors_info=&#8221;{}&#8221;]<\/p>\n<p>La puissance de l\u2019action \u00e9rosive des eaux du Buthier se manifeste dans la profonde gorge de la Betenda, situ\u00e9e \u00e0 200 m en dessous de la Tornalla.<\/p>\n<p>[\/et_pb_blurb][et_pb_button button_url=&#8221;https:\/\/www.lavalpelline.it\/luogo\/il-ponte-della-betenda\/&#8221; url_new_window=&#8221;on&#8221; button_text=&#8221;En savoir plus&#8221; _builder_version=&#8221;4.27.4&#8243; _module_preset=&#8221;default&#8221; custom_margin=&#8221;||0px||false|false&#8221; custom_margin_tablet=&#8221;||0px||false|false&#8221; custom_margin_phone=&#8221;||35px||false|false&#8221; custom_margin_last_edited=&#8221;on|phone&#8221; global_colors_info=&#8221;{}&#8221;][\/et_pb_button][\/et_pb_column][et_pb_column type=&#8221;1_3&#8243; _builder_version=&#8221;4.27.4&#8243; _module_preset=&#8221;default&#8221; global_colors_info=&#8221;{}&#8221;][et_pb_blurb title=&#8221;La Tornalla&#8221; image=&#8221;https:\/\/www.rebelle.vision\/wp-content\/uploads\/2025\/12\/tornalla.jpg&#8221; _builder_version=&#8221;4.27.4&#8243; _module_preset=&#8221;default&#8221; custom_margin=&#8221;||35px|||&#8221; global_colors_info=&#8221;{}&#8221;]<\/p>\n<p>La Tornalla Manoir qui domine les for\u00eats sombres et les eaux bouillonnantes. Tour \u00e0 plan octogonal qui, selon la tradition, aurait \u00e9t\u00e9&#8230; <\/p>\n<p>[\/et_pb_blurb][et_pb_button button_url=&#8221;https:\/\/www.lavalpelline.it\/luogo\/la-tornalla\/&#8221; url_new_window=&#8221;on&#8221; button_text=&#8221;En savoir plus&#8221; _builder_version=&#8221;4.27.4&#8243; _module_preset=&#8221;default&#8221; custom_margin=&#8221;||0px||false|false&#8221; custom_margin_tablet=&#8221;||0px||false|false&#8221; custom_margin_phone=&#8221;||35px||false|false&#8221; custom_margin_last_edited=&#8221;on|phone&#8221; global_colors_info=&#8221;{}&#8221;][\/et_pb_button][\/et_pb_column][et_pb_column type=&#8221;1_3&#8243; _builder_version=&#8221;4.27.4&#8243; _module_preset=&#8221;default&#8221; global_colors_info=&#8221;{}&#8221;][et_pb_blurb title=&#8221;Mines d\u2019Ollomont&#8221; image=&#8221;https:\/\/www.rebelle.vision\/wp-content\/uploads\/2025\/12\/miniere-ollomont-valpelline.jpg&#8221; _builder_version=&#8221;4.27.4&#8243; _module_preset=&#8221;default&#8221; custom_margin=&#8221;||35px|||&#8221; global_colors_info=&#8221;{}&#8221;]<\/p>\n<p>D\u00e9couvrez les Mines d\u2019Ollomont-Valpelline, un parc minier alpin suggestif nich\u00e9 dans la Vall\u00e9e d\u2019Aoste, o\u00f9 histoire et aventure se m\u00ealent.<\/p>\n<p>[\/et_pb_blurb][et_pb_button button_url=&#8221;https:\/\/www.lavalpelline.it\/luogo\/miniere-di-ollomont\/&#8221; url_new_window=&#8221;on&#8221; button_text=&#8221;En savoir plus&#8221; _builder_version=&#8221;4.27.4&#8243; _module_preset=&#8221;default&#8221; custom_margin=&#8221;||0px||false|false&#8221; custom_margin_tablet=&#8221;||0px||false|false&#8221; custom_margin_phone=&#8221;||35px||false|false&#8221; custom_margin_last_edited=&#8221;on|phone&#8221; global_colors_info=&#8221;{}&#8221;][\/et_pb_button][\/et_pb_column][\/et_pb_row][\/et_pb_section]<\/p>\n","protected":false},"excerpt":{"rendered":"<p>La ValpellineMontagne, plein air, exp\u00e9riences, traditionsAu c\u0153ur de la ValpellineLa ValpellineVivez la Valpelline, o\u00f9 le temps ralentit et la nature reprend sa place au centre du monde.Dans cette vall\u00e9e authentique et silencieuse, loin du tourisme de masse, chaque \u00e9tape devient d\u00e9couverte : les verts p\u00e2turages ench\u00e2ss\u00e9s au milieu des montagnes majestueuses, les bourgs qui conservent [&hellip;]<\/p>\n","protected":false},"author":1,"featured_media":0,"parent":0,"menu_order":0,"comment_status":"closed","ping_status":"closed","template":"","meta":{"_et_pb_use_builder":"on","_et_pb_old_content":"","_et_gb_content_width":"","_mo_disable_npp":"","footnotes":""},"class_list":["post-2576","page","type-page","status-publish","hentry"],"yoast_head":"<!-- This site is optimized with the Yoast SEO plugin v27.6 - https:\/\/yoast.com\/product\/yoast-seo-wordpress\/ -->\n<title>Vivez la Valpelline | Rebelle<\/title>\n<meta name=\"description\" content=\"Vivi la Valpelline, dove il tempo rallenta e la natura riprende il suo posto al centro del mondo ...\" \/>\n<meta name=\"robots\" content=\"index, follow, max-snippet:-1, max-image-preview:large, max-video-preview:-1\" \/>\n<link rel=\"canonical\" href=\"https:\/\/www.rebelle.vision\/fr\/vivi-la-valpelline\/\" \/>\n<meta property=\"og:locale\" content=\"fr_FR\" \/>\n<meta property=\"og:type\" content=\"article\" \/>\n<meta property=\"og:title\" content=\"Vivez la Valpelline | Rebelle\" \/>\n<meta property=\"og:description\" content=\"Vivi la Valpelline, dove il tempo rallenta e la natura riprende il suo posto al centro del mondo ...\" \/>\n<meta property=\"og:url\" content=\"https:\/\/www.rebelle.vision\/fr\/vivi-la-valpelline\/\" \/>\n<meta property=\"og:site_name\" content=\"Rebelle\" \/>\n<meta property=\"article:modified_time\" content=\"2026-03-13T07:21:35+00:00\" \/>\n<meta name=\"twitter:card\" content=\"summary_large_image\" \/>\n<meta name=\"twitter:label1\" content=\"Dur\u00e9e de lecture estim\u00e9e\" \/>\n\t<meta name=\"twitter:data1\" content=\"10 minutes\" \/>\n<script type=\"application\/ld+json\" class=\"yoast-schema-graph\">{\"@context\":\"https:\\\/\\\/schema.org\",\"@graph\":[{\"@type\":\"WebPage\",\"@id\":\"https:\\\/\\\/www.rebelle.vision\\\/fr\\\/vivi-la-valpelline\\\/\",\"url\":\"https:\\\/\\\/www.rebelle.vision\\\/fr\\\/vivi-la-valpelline\\\/\",\"name\":\"Vivez la Valpelline | Rebelle\",\"isPartOf\":{\"@id\":\"https:\\\/\\\/www.rebelle.vision\\\/fr\\\/#website\"},\"datePublished\":\"2025-11-27T13:54:01+00:00\",\"dateModified\":\"2026-03-13T07:21:35+00:00\",\"description\":\"Vivi la Valpelline, dove il tempo rallenta e la natura riprende il suo posto al centro del mondo ...\",\"breadcrumb\":{\"@id\":\"https:\\\/\\\/www.rebelle.vision\\\/fr\\\/vivi-la-valpelline\\\/#breadcrumb\"},\"inLanguage\":\"fr-FR\",\"potentialAction\":[{\"@type\":\"ReadAction\",\"target\":[\"https:\\\/\\\/www.rebelle.vision\\\/fr\\\/vivi-la-valpelline\\\/\"]}]},{\"@type\":\"BreadcrumbList\",\"@id\":\"https:\\\/\\\/www.rebelle.vision\\\/fr\\\/vivi-la-valpelline\\\/#breadcrumb\",\"itemListElement\":[{\"@type\":\"ListItem\",\"position\":1,\"name\":\"Home\",\"item\":\"https:\\\/\\\/www.rebelle.vision\\\/fr\\\/\"},{\"@type\":\"ListItem\",\"position\":2,\"name\":\"Vivi la Valpelline\"}]},{\"@type\":\"WebSite\",\"@id\":\"https:\\\/\\\/www.rebelle.vision\\\/fr\\\/#website\",\"url\":\"https:\\\/\\\/www.rebelle.vision\\\/fr\\\/\",\"name\":\"Rebelle\",\"description\":\"Bionaz, Valle d&#039;Aosta\",\"potentialAction\":[{\"@type\":\"SearchAction\",\"target\":{\"@type\":\"EntryPoint\",\"urlTemplate\":\"https:\\\/\\\/www.rebelle.vision\\\/fr\\\/?s={search_term_string}\"},\"query-input\":{\"@type\":\"PropertyValueSpecification\",\"valueRequired\":true,\"valueName\":\"search_term_string\"}}],\"inLanguage\":\"fr-FR\"}]}<\/script>\n<!-- \/ Yoast SEO plugin. -->","yoast_head_json":{"title":"Vivez la Valpelline | Rebelle","description":"Vivi la Valpelline, dove il tempo rallenta e la natura riprende il suo posto al centro del mondo ...","robots":{"index":"index","follow":"follow","max-snippet":"max-snippet:-1","max-image-preview":"max-image-preview:large","max-video-preview":"max-video-preview:-1"},"canonical":"https:\/\/www.rebelle.vision\/fr\/vivi-la-valpelline\/","og_locale":"fr_FR","og_type":"article","og_title":"Vivez la Valpelline | Rebelle","og_description":"Vivi la Valpelline, dove il tempo rallenta e la natura riprende il suo posto al centro del mondo ...","og_url":"https:\/\/www.rebelle.vision\/fr\/vivi-la-valpelline\/","og_site_name":"Rebelle","article_modified_time":"2026-03-13T07:21:35+00:00","twitter_card":"summary_large_image","twitter_misc":{"Dur\u00e9e de lecture estim\u00e9e":"10 minutes"},"schema":{"@context":"https:\/\/schema.org","@graph":[{"@type":"WebPage","@id":"https:\/\/www.rebelle.vision\/fr\/vivi-la-valpelline\/","url":"https:\/\/www.rebelle.vision\/fr\/vivi-la-valpelline\/","name":"Vivez la Valpelline | Rebelle","isPartOf":{"@id":"https:\/\/www.rebelle.vision\/fr\/#website"},"datePublished":"2025-11-27T13:54:01+00:00","dateModified":"2026-03-13T07:21:35+00:00","description":"Vivi la Valpelline, dove il tempo rallenta e la natura riprende il suo posto al centro del mondo ...","breadcrumb":{"@id":"https:\/\/www.rebelle.vision\/fr\/vivi-la-valpelline\/#breadcrumb"},"inLanguage":"fr-FR","potentialAction":[{"@type":"ReadAction","target":["https:\/\/www.rebelle.vision\/fr\/vivi-la-valpelline\/"]}]},{"@type":"BreadcrumbList","@id":"https:\/\/www.rebelle.vision\/fr\/vivi-la-valpelline\/#breadcrumb","itemListElement":[{"@type":"ListItem","position":1,"name":"Home","item":"https:\/\/www.rebelle.vision\/fr\/"},{"@type":"ListItem","position":2,"name":"Vivi la Valpelline"}]},{"@type":"WebSite","@id":"https:\/\/www.rebelle.vision\/fr\/#website","url":"https:\/\/www.rebelle.vision\/fr\/","name":"Rebelle","description":"Bionaz, Valle d&#039;Aosta","potentialAction":[{"@type":"SearchAction","target":{"@type":"EntryPoint","urlTemplate":"https:\/\/www.rebelle.vision\/fr\/?s={search_term_string}"},"query-input":{"@type":"PropertyValueSpecification","valueRequired":true,"valueName":"search_term_string"}}],"inLanguage":"fr-FR"}]}},"_links":{"self":[{"href":"https:\/\/www.rebelle.vision\/fr\/wp-json\/wp\/v2\/pages\/2576","targetHints":{"allow":["GET"]}}],"collection":[{"href":"https:\/\/www.rebelle.vision\/fr\/wp-json\/wp\/v2\/pages"}],"about":[{"href":"https:\/\/www.rebelle.vision\/fr\/wp-json\/wp\/v2\/types\/page"}],"author":[{"embeddable":true,"href":"https:\/\/www.rebelle.vision\/fr\/wp-json\/wp\/v2\/users\/1"}],"replies":[{"embeddable":true,"href":"https:\/\/www.rebelle.vision\/fr\/wp-json\/wp\/v2\/comments?post=2576"}],"version-history":[{"count":4,"href":"https:\/\/www.rebelle.vision\/fr\/wp-json\/wp\/v2\/pages\/2576\/revisions"}],"predecessor-version":[{"id":2983,"href":"https:\/\/www.rebelle.vision\/fr\/wp-json\/wp\/v2\/pages\/2576\/revisions\/2983"}],"wp:attachment":[{"href":"https:\/\/www.rebelle.vision\/fr\/wp-json\/wp\/v2\/media?parent=2576"}],"curies":[{"name":"wp","href":"https:\/\/api.w.org\/{rel}","templated":true}]}}