{"id":2365,"date":"2025-11-28T16:07:15","date_gmt":"2025-11-28T15:07:15","guid":{"rendered":"https:\/\/www.rebelle.vision\/espace-rebelle-location-de-materiel\/"},"modified":"2026-03-13T08:20:21","modified_gmt":"2026-03-13T07:20:21","slug":"espace-rebelle-location-de-materiel","status":"publish","type":"page","link":"https:\/\/www.rebelle.vision\/fr\/espace-rebelle-location-de-materiel\/","title":{"rendered":"Espace rebelle location de mat\u00e9riel"},"content":{"rendered":"<p>[et_pb_section fb_built=&#8221;1&#8243; disabled_on=&#8221;off|off|on&#8221; _builder_version=&#8221;4.27.4&#8243; _dynamic_attributes=&#8221;link_option_url&#8221; _module_preset=&#8221;default&#8221; background_color=&#8221;#D6065F&#8221; position_origin_f=&#8221;top_center&#8221; custom_padding=&#8221;0px||0px||true|&#8221; link_option_url=&#8221;@ET-DC@eyJkeW5hbWljIjp0cnVlLCJjb250ZW50IjoicG9zdF9saW5rX3VybF9wYWdlIiwic2V0dGluZ3MiOnsicG9zdF9pZCI6IjE2NzkifX0=@&#8221; sticky_position=&#8221;top&#8221; custom_css_main_element=&#8221;padding-top: 0px!important;&#8221; global_colors_info=&#8221;{}&#8221; global_module=&#8221;2751&#8243; saved_tabs=&#8221;all&#8221; locked=&#8221;off&#8221;][et_pb_row _builder_version=&#8221;4.27.4&#8243; _module_preset=&#8221;default&#8221; custom_padding=&#8221;15px||15px||true|&#8221; global_colors_info=&#8221;{}&#8221;][et_pb_column type=&#8221;4_4&#8243; _builder_version=&#8221;4.27.4&#8243; _module_preset=&#8221;default&#8221; global_colors_info=&#8221;{}&#8221;][et_pb_text _builder_version=&#8221;4.27.4&#8243; _module_preset=&#8221;default&#8221; text_text_color=&#8221;#FFFFFF&#8221; text_font_size=&#8221;18px&#8221; global_colors_info=&#8221;{}&#8221;]<\/p>\n<p style=\"text-align: center;\">R\u00e9servez<\/p>\n<p>[\/et_pb_text][\/et_pb_column][\/et_pb_row][\/et_pb_section][et_pb_section fb_built=&#8221;1&#8243; _builder_version=&#8221;4.27.4&#8243; _module_preset=&#8221;default&#8221; background_color=&#8221;#3d773f&#8221; use_background_color_gradient=&#8221;on&#8221; background_color_gradient_direction=&#8221;90deg&#8221; background_color_gradient_stops=&#8221;rgba(34,34,34,0.5) 33%|rgba(41,196,169,0) 100%&#8221; background_color_gradient_overlays_image=&#8221;on&#8221; background_image=&#8221;https:\/\/www.rebelle.vision\/wp-content\/uploads\/2026\/03\/rebelle-outdoor.jpg&#8221; parallax=&#8221;on&#8221; parallax_method=&#8221;off&#8221; min_height=&#8221;100vh&#8221; custom_padding=&#8221;0px||0px||true|&#8221; background_last_edited=&#8221;on|tablet&#8221; parallax_tablet=&#8221;off&#8221; background_position_tablet=&#8221;center&#8221; global_colors_info=&#8221;{}&#8221;][et_pb_row use_custom_gutter=&#8221;on&#8221; gutter_width=&#8221;1&#8243; make_equal=&#8221;on&#8221; _builder_version=&#8221;4.27.4&#8243; _module_preset=&#8221;default&#8221; width=&#8221;100%&#8221; max_width=&#8221;2560px&#8221; min_height=&#8221;100vh&#8221; custom_padding=&#8221;0px||0px||true|&#8221; global_colors_info=&#8221;{}&#8221;][et_pb_column type=&#8221;4_4&#8243; _builder_version=&#8221;4.27.4&#8243; _module_preset=&#8221;default&#8221; z_index=&#8221;999&#8243; custom_padding=&#8221;300px|0px|0px|100px|false|false&#8221; custom_padding_tablet=&#8221;150px|35px||35px|false|true&#8221; custom_padding_phone=&#8221;150px|35px||35px|false|true&#8221; custom_padding_last_edited=&#8221;on|tablet&#8221; global_colors_info=&#8221;{}&#8221;][et_pb_divider color=&#8221;#f9b232&#8243; divider_weight=&#8221;20px&#8221; _builder_version=&#8221;4.27.4&#8243; _module_preset=&#8221;default&#8221; max_width=&#8221;20px&#8221; custom_margin=&#8221;||25px|100px|false|false&#8221; custom_margin_tablet=&#8221;|||0px|false|false&#8221; custom_margin_phone=&#8221;|||0px|false|false&#8221; custom_margin_last_edited=&#8221;on|tablet&#8221; global_colors_info=&#8221;{}&#8221;][\/et_pb_divider][et_pb_text _builder_version=&#8221;4.27.4&#8243; _module_preset=&#8221;default&#8221; header_text_color=&#8221;#FFFFFF&#8221; transform_translate_linked=&#8221;off&#8221; z_index=&#8221;1&#8243; global_colors_info=&#8221;{}&#8221;]<\/p>\n<h1 style=\"text-align: left;\">Location<\/h1>\n<p>[\/et_pb_text][et_pb_text _builder_version=&#8221;4.27.4&#8243; _module_preset=&#8221;default&#8221; header_text_color=&#8221;#FFFFFF&#8221; header_3_text_color=&#8221;#FFFFFF&#8221; transform_translate_linked=&#8221;off&#8221; z_index=&#8221;1&#8243; custom_margin=&#8221;||10px|100px|false|false&#8221; custom_margin_tablet=&#8221;|||0px|false|false&#8221; custom_margin_phone=&#8221;|||0px|false|false&#8221; custom_margin_last_edited=&#8221;on|tablet&#8221; global_colors_info=&#8221;{}&#8221;]<\/p>\n<h3 style=\"text-align: left;\">Espace Rebelle<\/h3>\n<p>[\/et_pb_text][et_pb_divider show_divider=&#8221;off&#8221; _builder_version=&#8221;4.27.4&#8243; _module_preset=&#8221;default&#8221; global_colors_info=&#8221;{}&#8221;][\/et_pb_divider][\/et_pb_column][\/et_pb_row][\/et_pb_section][et_pb_section fb_built=&#8221;1&#8243; custom_padding_last_edited=&#8221;on|tablet&#8221; _builder_version=&#8221;4.27.4&#8243; _module_preset=&#8221;default&#8221; custom_padding=&#8221;120px||120px||true|&#8221; custom_padding_tablet=&#8221;60px||60px||true|false&#8221; custom_padding_phone=&#8221;60px||60px||true|false&#8221; global_colors_info=&#8221;{}&#8221;][et_pb_row column_structure=&#8221;2_5,3_5&#8243; use_custom_gutter=&#8221;on&#8221; _builder_version=&#8221;4.27.4&#8243; _module_preset=&#8221;default&#8221; custom_margin=&#8221;||15px||false|false&#8221; custom_padding=&#8221;0px||0px||true|&#8221; global_colors_info=&#8221;{}&#8221;][et_pb_column type=&#8221;2_5&#8243; _builder_version=&#8221;4.27.4&#8243; _module_preset=&#8221;default&#8221; background_image=&#8221;https:\/\/www.rebelle.vision\/wp-content\/uploads\/2025\/12\/rebelle-inverno-5.jpg&#8221; transform_scale_tablet=&#8221;&#8221; transform_scale_phone=&#8221;&#8221; transform_scale_last_edited=&#8221;on|desktop&#8221; transform_translate_tablet=&#8221;&#8221; transform_translate_phone=&#8221;&#8221; transform_translate_last_edited=&#8221;on|desktop&#8221; transform_rotate=&#8221;0deg|0deg|356deg&#8221; transform_rotate_tablet=&#8221;0deg|0deg|0deg&#8221; transform_rotate_phone=&#8221;0deg|0deg|0deg&#8221; transform_rotate_last_edited=&#8221;on|tablet&#8221; transform_skew_tablet=&#8221;&#8221; transform_skew_phone=&#8221;&#8221; transform_skew_last_edited=&#8221;on|desktop&#8221; transform_origin_tablet=&#8221;&#8221; transform_origin_phone=&#8221;&#8221; transform_origin_last_edited=&#8221;on|desktop&#8221; transform_styles_last_edited=&#8221;on|tablet&#8221; custom_padding=&#8221;300px||300px||true|false&#8221; custom_padding_tablet=&#8221;180px||180px||true|false&#8221; custom_padding_phone=&#8221;180px||180px||true|false&#8221; custom_padding_last_edited=&#8221;on|phone&#8221; scroll_horizontal_motion_enable=&#8221;on&#8221; scroll_horizontal_motion=&#8221;0|50|50|100|-1|0|0&#8243; transform_styles_tablet=&#8221;&#8221; transform_styles_phone=&#8221;&#8221; scroll_horizontal_motion_tablet=&#8221;0|50|50|100|0|0|0&#8243; scroll_horizontal_motion_phone=&#8221;0|50|50|100|0|0|0&#8243; scroll_horizontal_motion_last_edited=&#8221;on|tablet&#8221; box_shadow_style=&#8221;preset1&#8243; box_shadow_horizontal=&#8221;-10px&#8221; box_shadow_vertical=&#8221;10px&#8221; global_colors_info=&#8221;{}&#8221;][et_pb_divider show_divider=&#8221;off&#8221; _builder_version=&#8221;4.27.4&#8243; _module_preset=&#8221;default&#8221; global_colors_info=&#8221;{}&#8221;][\/et_pb_divider][\/et_pb_column][et_pb_column type=&#8221;3_5&#8243; _builder_version=&#8221;4.27.4&#8243; _module_preset=&#8221;default&#8221; custom_padding=&#8221;120px||0px||false|false&#8221; custom_padding_tablet=&#8221;30px||0px||false|false&#8221; custom_padding_phone=&#8221;30px||0px||false|false&#8221; custom_padding_last_edited=&#8221;on|phone&#8221; global_colors_info=&#8221;{}&#8221;][et_pb_image src=&#8221;https:\/\/www.rebelle.vision\/wp-content\/uploads\/2025\/11\/03-espace-rebelle.png&#8221; alt=&#8221;Espace Rebelle&#8221; title_text=&#8221;Espace Rebelle&#8221; _builder_version=&#8221;4.27.4&#8243; _module_preset=&#8221;default&#8221; max_width=&#8221;120px&#8221; global_colors_info=&#8221;{}&#8221;][\/et_pb_image][et_pb_text _builder_version=&#8221;4.27.4&#8243; _module_preset=&#8221;default&#8221; custom_margin=&#8221;||3px||false|false&#8221; global_colors_info=&#8221;{}&#8221;]<\/p>\n<h3>Votre aventure<\/h3>\n<p>[\/et_pb_text][et_pb_divider color=&#8221;#e0e0e0&#8243; _builder_version=&#8221;4.27.4&#8243; _module_preset=&#8221;default&#8221; custom_margin=&#8221;||0px||false|false&#8221; global_colors_info=&#8221;{}&#8221;][\/et_pb_divider][et_pb_text _builder_version=&#8221;4.27.4&#8243; _module_preset=&#8221;default&#8221; max_width=&#8221;600px&#8221; module_alignment=&#8221;center&#8221; custom_margin=&#8221;||15px||false|false&#8221; global_colors_info=&#8221;{}&#8221;]<\/p>\n<h2>\u00c9quipements<br \/>pour chaque saison<\/h2>\n<p>[\/et_pb_text][et_pb_text _builder_version=&#8221;4.27.4&#8243; _module_preset=&#8221;default&#8221; max_width=&#8221;500px&#8221; module_alignment=&#8221;center&#8221; custom_margin=&#8221;||||false|false&#8221; global_colors_info=&#8221;{}&#8221;]<\/p>\n<p>Nous proposons un service complet de location de mat\u00e9riel de montagne pour vivre vos excursions en toute s\u00e9curit\u00e9 et libert\u00e9.<\/p>\n<p><\/p>\n<p>Sur r\u00e9servation, nous mettons \u00e0 disposition des VTT et des v\u00e9los \u00e9lectriques pour explorer le territoire sur deux roues. Pour les activit\u00e9s en altitude, nous fournissons des kits via ferrata complets, comprenant longe avec mousquetons, casque, baudrier et gants, ainsi que des kits glacier avec crampons r\u00e9glables, baudrier, piolet et casque. En hiver, vous pourrez choisir nos raquettes \u00e0 neige, id\u00e9ales pour les excursions sur sentiers enneig\u00e9s.  <\/p>\n<p><\/p>\n<p>Pour les groupes de plus de 10 personnes, la r\u00e9servation est obligatoire.<\/p>\n<p>[\/et_pb_text][\/et_pb_column][\/et_pb_row][\/et_pb_section]<\/p>\n","protected":false},"excerpt":{"rendered":"<p>R\u00e9servezLocationEspace RebelleVotre aventure\u00c9quipementspour chaque saisonNous proposons un service complet de location de mat\u00e9riel de montagne pour vivre vos excursions en toute s\u00e9curit\u00e9 et libert\u00e9.Sur r\u00e9servation, nous mettons \u00e0 disposition des VTT et des v\u00e9los \u00e9lectriques pour explorer le territoire sur deux roues. Pour les activit\u00e9s en altitude, nous fournissons des kits via ferrata complets, comprenant [&hellip;]<\/p>\n","protected":false},"author":1,"featured_media":0,"parent":0,"menu_order":0,"comment_status":"closed","ping_status":"closed","template":"","meta":{"_et_pb_use_builder":"on","_et_pb_old_content":"","_et_gb_content_width":"","_mo_disable_npp":"","footnotes":""},"class_list":["post-2365","page","type-page","status-publish","hentry"],"yoast_head":"<!-- This site is optimized with the Yoast SEO plugin v27.5 - https:\/\/yoast.com\/product\/yoast-seo-wordpress\/ -->\n<title>Location de mat\u00e9riel | Espace rebelle<\/title>\n<meta name=\"description\" content=\"Nous proposons un service complet de location de mat\u00e9riel de montagne pour vivre vos excursions en toute s\u00e9curit\u00e9 et libert\u00e9\" \/>\n<meta name=\"robots\" content=\"index, follow, max-snippet:-1, max-image-preview:large, max-video-preview:-1\" \/>\n<link rel=\"canonical\" href=\"https:\/\/www.rebelle.vision\/fr\/espace-rebelle-location-de-materiel\/\" \/>\n<meta property=\"og:locale\" content=\"fr_FR\" \/>\n<meta property=\"og:type\" content=\"article\" \/>\n<meta property=\"og:title\" content=\"Location de mat\u00e9riel | Espace rebelle\" \/>\n<meta property=\"og:description\" content=\"Nous proposons un service complet de location de mat\u00e9riel de montagne pour vivre vos excursions en toute s\u00e9curit\u00e9 et libert\u00e9\" \/>\n<meta property=\"og:url\" content=\"https:\/\/www.rebelle.vision\/fr\/espace-rebelle-location-de-materiel\/\" \/>\n<meta property=\"og:site_name\" content=\"Rebelle\" \/>\n<meta property=\"article:modified_time\" content=\"2026-03-13T07:20:21+00:00\" \/>\n<meta name=\"twitter:card\" content=\"summary_large_image\" \/>\n<meta name=\"twitter:label1\" content=\"Dur\u00e9e de lecture estim\u00e9e\" \/>\n\t<meta name=\"twitter:data1\" content=\"5 minutes\" \/>\n<script type=\"application\/ld+json\" class=\"yoast-schema-graph\">{\"@context\":\"https:\\\/\\\/schema.org\",\"@graph\":[{\"@type\":\"WebPage\",\"@id\":\"https:\\\/\\\/www.rebelle.vision\\\/fr\\\/espace-rebelle-location-de-materiel\\\/\",\"url\":\"https:\\\/\\\/www.rebelle.vision\\\/fr\\\/espace-rebelle-location-de-materiel\\\/\",\"name\":\"Location de mat\u00e9riel | Espace rebelle\",\"isPartOf\":{\"@id\":\"https:\\\/\\\/www.rebelle.vision\\\/fr\\\/#website\"},\"datePublished\":\"2025-11-28T15:07:15+00:00\",\"dateModified\":\"2026-03-13T07:20:21+00:00\",\"description\":\"Nous proposons un service complet de location de mat\u00e9riel de montagne pour vivre vos excursions en toute s\u00e9curit\u00e9 et libert\u00e9\",\"breadcrumb\":{\"@id\":\"https:\\\/\\\/www.rebelle.vision\\\/fr\\\/espace-rebelle-location-de-materiel\\\/#breadcrumb\"},\"inLanguage\":\"fr-FR\",\"potentialAction\":[{\"@type\":\"ReadAction\",\"target\":[\"https:\\\/\\\/www.rebelle.vision\\\/fr\\\/espace-rebelle-location-de-materiel\\\/\"]}]},{\"@type\":\"BreadcrumbList\",\"@id\":\"https:\\\/\\\/www.rebelle.vision\\\/fr\\\/espace-rebelle-location-de-materiel\\\/#breadcrumb\",\"itemListElement\":[{\"@type\":\"ListItem\",\"position\":1,\"name\":\"Home\",\"item\":\"https:\\\/\\\/www.rebelle.vision\\\/fr\\\/\"},{\"@type\":\"ListItem\",\"position\":2,\"name\":\"Espace rebelle location de mat\u00e9riel\"}]},{\"@type\":\"WebSite\",\"@id\":\"https:\\\/\\\/www.rebelle.vision\\\/fr\\\/#website\",\"url\":\"https:\\\/\\\/www.rebelle.vision\\\/fr\\\/\",\"name\":\"Rebelle\",\"description\":\"Bionaz, Valle d&#039;Aosta\",\"potentialAction\":[{\"@type\":\"SearchAction\",\"target\":{\"@type\":\"EntryPoint\",\"urlTemplate\":\"https:\\\/\\\/www.rebelle.vision\\\/fr\\\/?s={search_term_string}\"},\"query-input\":{\"@type\":\"PropertyValueSpecification\",\"valueRequired\":true,\"valueName\":\"search_term_string\"}}],\"inLanguage\":\"fr-FR\"}]}<\/script>\n<!-- \/ Yoast SEO plugin. -->","yoast_head_json":{"title":"Location de mat\u00e9riel | Espace rebelle","description":"Nous proposons un service complet de location de mat\u00e9riel de montagne pour vivre vos excursions en toute s\u00e9curit\u00e9 et libert\u00e9","robots":{"index":"index","follow":"follow","max-snippet":"max-snippet:-1","max-image-preview":"max-image-preview:large","max-video-preview":"max-video-preview:-1"},"canonical":"https:\/\/www.rebelle.vision\/fr\/espace-rebelle-location-de-materiel\/","og_locale":"fr_FR","og_type":"article","og_title":"Location de mat\u00e9riel | Espace rebelle","og_description":"Nous proposons un service complet de location de mat\u00e9riel de montagne pour vivre vos excursions en toute s\u00e9curit\u00e9 et libert\u00e9","og_url":"https:\/\/www.rebelle.vision\/fr\/espace-rebelle-location-de-materiel\/","og_site_name":"Rebelle","article_modified_time":"2026-03-13T07:20:21+00:00","twitter_card":"summary_large_image","twitter_misc":{"Dur\u00e9e de lecture estim\u00e9e":"5 minutes"},"schema":{"@context":"https:\/\/schema.org","@graph":[{"@type":"WebPage","@id":"https:\/\/www.rebelle.vision\/fr\/espace-rebelle-location-de-materiel\/","url":"https:\/\/www.rebelle.vision\/fr\/espace-rebelle-location-de-materiel\/","name":"Location de mat\u00e9riel | Espace rebelle","isPartOf":{"@id":"https:\/\/www.rebelle.vision\/fr\/#website"},"datePublished":"2025-11-28T15:07:15+00:00","dateModified":"2026-03-13T07:20:21+00:00","description":"Nous proposons un service complet de location de mat\u00e9riel de montagne pour vivre vos excursions en toute s\u00e9curit\u00e9 et libert\u00e9","breadcrumb":{"@id":"https:\/\/www.rebelle.vision\/fr\/espace-rebelle-location-de-materiel\/#breadcrumb"},"inLanguage":"fr-FR","potentialAction":[{"@type":"ReadAction","target":["https:\/\/www.rebelle.vision\/fr\/espace-rebelle-location-de-materiel\/"]}]},{"@type":"BreadcrumbList","@id":"https:\/\/www.rebelle.vision\/fr\/espace-rebelle-location-de-materiel\/#breadcrumb","itemListElement":[{"@type":"ListItem","position":1,"name":"Home","item":"https:\/\/www.rebelle.vision\/fr\/"},{"@type":"ListItem","position":2,"name":"Espace rebelle location de mat\u00e9riel"}]},{"@type":"WebSite","@id":"https:\/\/www.rebelle.vision\/fr\/#website","url":"https:\/\/www.rebelle.vision\/fr\/","name":"Rebelle","description":"Bionaz, Valle d&#039;Aosta","potentialAction":[{"@type":"SearchAction","target":{"@type":"EntryPoint","urlTemplate":"https:\/\/www.rebelle.vision\/fr\/?s={search_term_string}"},"query-input":{"@type":"PropertyValueSpecification","valueRequired":true,"valueName":"search_term_string"}}],"inLanguage":"fr-FR"}]}},"_links":{"self":[{"href":"https:\/\/www.rebelle.vision\/fr\/wp-json\/wp\/v2\/pages\/2365","targetHints":{"allow":["GET"]}}],"collection":[{"href":"https:\/\/www.rebelle.vision\/fr\/wp-json\/wp\/v2\/pages"}],"about":[{"href":"https:\/\/www.rebelle.vision\/fr\/wp-json\/wp\/v2\/types\/page"}],"author":[{"embeddable":true,"href":"https:\/\/www.rebelle.vision\/fr\/wp-json\/wp\/v2\/users\/1"}],"replies":[{"embeddable":true,"href":"https:\/\/www.rebelle.vision\/fr\/wp-json\/wp\/v2\/comments?post=2365"}],"version-history":[{"count":10,"href":"https:\/\/www.rebelle.vision\/fr\/wp-json\/wp\/v2\/pages\/2365\/revisions"}],"predecessor-version":[{"id":2966,"href":"https:\/\/www.rebelle.vision\/fr\/wp-json\/wp\/v2\/pages\/2365\/revisions\/2966"}],"wp:attachment":[{"href":"https:\/\/www.rebelle.vision\/fr\/wp-json\/wp\/v2\/media?parent=2365"}],"curies":[{"name":"wp","href":"https:\/\/api.w.org\/{rel}","templated":true}]}}